{"id":4088,"date":"2024-09-11T19:48:25","date_gmt":"2024-09-11T12:48:25","guid":{"rendered":"https:\/\/thegioihangre.com\/?post_type=product&#038;p=4088"},"modified":"2024-09-15T20:11:31","modified_gmt":"2024-09-15T13:11:31","slug":"https-thegioihangre-com-productloa-bass-30-coil-65-tu-170-nhap-1217065b","status":"publish","type":"product","link":"https:\/\/thegioihangre.com\/?product=https-thegioihangre-com-productloa-bass-30-coil-65-tu-170-nhap-1217065b","title":{"rendered":"Bass 30 Coil 65 T\u1eeb 170 Nh\u1eadp 1217065B 8ohm (Gi\u00e1 1 C\u00e1i)"},"content":{"rendered":"<ul>\n<li>\n<h2><strong>Loa bass 30 coil 65 t\u1eeb 170 h\u00e0ng nh\u1eadp v\u1edbi m\u00e3 h\u00e0ng 1217065B, xu\u00e2t x\u1ee9 trung qu\u1ed1c.<\/strong><\/h2>\n<\/li>\n<li>\n<h2><strong>Chuy\u00ean d\u1ee5ng l\u1eafp loa k\u00e9o di \u0111\u1ed9ng \u0111\u00f4i v\u00e0 \u0111\u01a1n, l\u1eafp r\u00e1p loa gia \u0111\u00ecnh, ti\u1ebfng s\u00e1ng h\u00e1t nh\u1eb9 mic.<\/strong><\/h2>\n<\/li>\n<li>\n<h2><strong>Coil 65 t\u1eeb 170 s\u01b0\u1eddn nh\u00f4m, tr\u1edf kh\u00e1ng 8ohm.<\/strong><\/h2>\n<\/li>\n<li>\n<h2><strong>\u0110\u01b0\u1eddng k\u00ednh to\u00e0n v\u00e0nh 32cm, m\u00e0ng b\u00f3ng ph\u1ee7 keo ch\u1ed1ng n\u01b0\u1edbc.\u00a0<\/strong><\/h2>\n<\/li>\n<li>\n<h2><strong>Qu\u00fd kh\u00e1ch c\u00f3 th\u1ec3 tham kh\u1ea3o th\u00eam 1 s\u1ed1 d\u00f2ng loa bass 30 kh\u00e1c\u00a0<a href=\"https:\/\/thegioihangre.com\/?product_cat=loa-bass-30-12-inch\" target=\"_blank\" rel=\"noopener\">t\u1ea1i \u0111\u00e2y<\/a><\/strong><\/h2>\n<\/li>\n<li>\n<h2><span style=\"color: #ff0000;\"><strong>L\u01b0u \u00fd tr\u01b0\u1edbc khi s\u1eed d\u1ee5ng qu\u00fd kh\u00e1ch n\u00ean ki\u1ec3m tra t\u00ecnh tr\u1ea1ng ngo\u1ea1i quan xem c\u00f3 b\u1ec3 v\u1edf kh\u00f4ng, ki\u1ec3m tra coil t\u1eeb c\u00f2n ho\u1ea1t \u0111\u1ed9ng t\u1ed1t kh\u00f4ng hay c\u1ea1 coil l\u1ec7ch t\u1eeb \u0111\u1ec3 \u0111\u01b0\u1ee3c shop x\u1eed l\u00fd \u0111\u1ed5i tr\u1ea3, tr\u01b0\u1eddng h\u1ee3p qu\u00fd kh\u00e1ch \u0111\u00e3 b\u1eaft v\u00e0o th\u00f9ng loa s\u1eed d\u1ee5ng v\u1ec1 sau shop kh\u00f4ng ch\u1ecbu tr\u00e1ch nhi\u1ec7m v\u1ec1 v\u1ea5n \u0111\u1ec1 b\u1ea3o h\u00e0nh mong qu\u00fd kh\u00e1ch l\u01b0u \u00fd.<\/strong><\/span><\/h2>\n<\/li>\n<li>\n<h2><strong>Qu\u00fd kh\u00e1ch h\u00e0ng c\u1ea7n th\u00eam th\u00f4ng tin v\u1ec1 s\u1ea3n ph\u1ea9m <a href=\"https:\/\/thegioihangre.com\/?product=loa-bass-30-coil-65-tu-170-nhap-1217065b-gia-1-cai\" target=\"_blank\" rel=\"noopener\">bass 30 coil 65 t\u1eeb 170 nh\u1eadp <\/a>ho\u1eb7c y\u00eau c\u1ea7u th\u00eam v\u1ec1 s\u1ea3n ph\u1ea9m c\u00f3 th\u1ec3 li\u00ean h\u1ec7 shop qua zalo ho\u1eb7c g\u1ecdi 0942833687<\/strong><\/h2>\n<h2><strong>&#8211; Shop cam k\u1ebft v\u1ec1 ch\u1ea5t l\u01b0\u1ee3ng s\u1ea3n ph\u1ea9m nh\u01b0 m\u00f4 t\u1ea3 v\u00e0 giao \u0111\u00fang s\u1ea3n ph\u1ea9m nh\u01b0 h\u00ecnh \u1ea3nh.<\/strong><\/h2>\n<\/li>\n<li>\n<h2><span style=\"color: #ff00ff;\"><strong>Tham kh\u1ea3o th\u00eam t\u1ea1i trang shopee: <span style=\"color: #0000ff;\"><a style=\"color: #0000ff;\" href=\"https:\/\/shopee.vn\/shopthegioihangre\" target=\"_blank\" rel=\"noopener\">Th\u1ebf Gi\u1edbi H\u00e0ng R\u1ebb<\/a><\/span><\/strong><\/span><\/h2>\n<\/li>\n<li>\n<h2><span style=\"color: #ff00ff;\"><strong>Xem th\u00eam n\u1ed9i dung t\u1ea1i Youtube: <span style=\"color: #0000ff;\"><a style=\"color: #0000ff;\" href=\"https:\/\/www.youtube.com\/thegioihangreshop\" target=\"_blank\" rel=\"noopener\">Th\u1ebf Gi\u1edbi H\u00e0ng R\u1ebb<\/a><\/span><\/strong><\/span><\/h2>\n<\/li>\n<li>\n<h2><span style=\"color: #ff00ff;\"><strong>Trang c\u00e1 nh\u00e2n Facebook <span style=\"color: #0000ff;\"><a style=\"color: #0000ff;\" href=\"https:\/\/www.facebook.com\/thegioihangreshop\" target=\"_blank\" rel=\"noopener\">Th\u1ebf Gi\u1edbi H\u00e0ng R\u1ebb<\/a><\/span><\/strong><\/span><\/h2>\n<h2><\/h2>\n<\/li>\n<\/ul>\n","protected":false},"excerpt":{"rendered":"<ul>\n<li>\n<h2><strong>Loa bass 30 coil 65 t\u1eeb 170 h\u00e0ng nh\u1eadp v\u1edbi m\u00e3 h\u00e0ng 1217065B, xu\u00e2t x\u1ee9 trung qu\u1ed1c.<\/strong><\/h2>\n<\/li>\n<li>\n<h2><strong>Chuy\u00ean d\u1ee5ng l\u1eafp loa k\u00e9o di \u0111\u1ed9ng \u0111\u00f4i v\u00e0 \u0111\u01a1n, l\u1eafp r\u00e1p loa gia \u0111\u00ecnh, ti\u1ebfng s\u00e1ng h\u00e1t nh\u1eb9 mic.<\/strong><\/h2>\n<\/li>\n<li>\n<h2><strong>Coil 65 t\u1eeb 170 s\u01b0\u1eddn nh\u00f4m, tr\u1edf kh\u00e1ng 8ohm.<\/strong><\/h2>\n<\/li>\n<\/ul>\n","protected":false},"featured_media":4093,"comment_status":"open","ping_status":"closed","template":"","meta":[],"product_cat":[159,398,397,216],"product_tag":[410,409],"class_list":{"0":"post-4088","1":"product","2":"type-product","3":"status-publish","4":"has-post-thumbnail","6":"product_cat-chua-phan-loai","7":"product_cat-loa-bass-30-12-inch","8":"product_cat-loa-bass-40-15-inch","9":"product_cat-loa-roi","10":"product_tag-bass-30-coil-65-tu-170-nhap","11":"product_tag-bass-30-coil-65-tu-170-nhap-1217065b","13":"first","14":"instock","15":"shipping-taxable","16":"purchasable","17":"product-type-simple"},"yoast_head":"<!-- This site is optimized with the Yoast SEO plugin v23.5 - https:\/\/yoast.com\/wordpress\/plugins\/seo\/ -->\n<title>Bass 30 Coil 65 T\u1eeb 170 Nh\u1eadp 1217065B 8ohm (Gi\u00e1 1 C\u00e1i) - THEGIOIHANGRE.COM<\/title>\n<meta name=\"description\" content=\"Loa bass 30 coil 65 t\u1eeb 170 nh\u1eadp-1217065B-S\u01b0\u1eddn nh\u00f4m tr\u1edf kh\u00e1ng 8ohm-t\u1eeb 170 h\u00e0ng nh\u1eadp-l\u1eafp loa k\u00e9o 30 \u0111\u00f4i-loa 30 \u0111\u01a1n-l\u1eafp loa gia \u0111\u00ecnh-l\u1eafp loa k\u00e9o di \u0111\u1ed9ng-gi\u00e1 r\u1ebb\" \/>\n<meta name=\"robots\" content=\"index, follow, max-snippet:-1, max-image-preview:large, max-video-preview:-1\" \/>\n<link rel=\"canonical\" href=\"https:\/\/thegioihangre.com\/?product=https-thegioihangre-com-productloa-bass-30-coil-65-tu-170-nhap-1217065b\" \/>\n<meta property=\"og:locale\" content=\"vi_VN\" \/>\n<meta property=\"og:type\" content=\"article\" \/>\n<meta property=\"og:title\" content=\"Bass 30 Coil 65 T\u1eeb 170 Nh\u1eadp 1217065B 8ohm (Gi\u00e1 1 C\u00e1i) - THEGIOIHANGRE.COM\" \/>\n<meta property=\"og:description\" content=\"Loa bass 30 coil 65 t\u1eeb 170 nh\u1eadp-1217065B-S\u01b0\u1eddn nh\u00f4m tr\u1edf kh\u00e1ng 8ohm-t\u1eeb 170 h\u00e0ng nh\u1eadp-l\u1eafp loa k\u00e9o 30 \u0111\u00f4i-loa 30 \u0111\u01a1n-l\u1eafp loa gia \u0111\u00ecnh-l\u1eafp loa k\u00e9o di \u0111\u1ed9ng-gi\u00e1 r\u1ebb\" \/>\n<meta property=\"og:url\" content=\"https:\/\/thegioihangre.com\/?product=https-thegioihangre-com-productloa-bass-30-coil-65-tu-170-nhap-1217065b\" \/>\n<meta property=\"og:site_name\" content=\"THEGIOIHANGRE.COM\" \/>\n<meta property=\"article:modified_time\" content=\"2024-09-15T13:11:31+00:00\" \/>\n<meta property=\"og:image\" content=\"https:\/\/thegioihangre.com\/wp-content\/uploads\/2024\/09\/Picsart_24-09-11_19-52-20-995.jpg\" \/>\n\t<meta property=\"og:image:width\" content=\"2048\" \/>\n\t<meta property=\"og:image:height\" content=\"2048\" \/>\n\t<meta property=\"og:image:type\" content=\"image\/jpeg\" \/>\n<meta name=\"twitter:card\" content=\"summary_large_image\" \/>\n<meta name=\"twitter:label1\" content=\"\u01af\u1edbc t\u00ednh th\u1eddi gian \u0111\u1ecdc\" \/>\n\t<meta name=\"twitter:data1\" content=\"2 ph\u00fat\" \/>\n<script type=\"application\/ld+json\" class=\"yoast-schema-graph\">{\"@context\":\"https:\/\/schema.org\",\"@graph\":[{\"@type\":\"WebPage\",\"@id\":\"https:\/\/thegioihangre.com\/?product=https-thegioihangre-com-productloa-bass-30-coil-65-tu-170-nhap-1217065b\",\"url\":\"https:\/\/thegioihangre.com\/?product=https-thegioihangre-com-productloa-bass-30-coil-65-tu-170-nhap-1217065b\",\"name\":\"Bass 30 Coil 65 T\u1eeb 170 Nh\u1eadp 1217065B 8ohm (Gi\u00e1 1 C\u00e1i) - THEGIOIHANGRE.COM\",\"isPartOf\":{\"@id\":\"https:\/\/thegioihangre.com\/#website\"},\"primaryImageOfPage\":{\"@id\":\"https:\/\/thegioihangre.com\/?product=https-thegioihangre-com-productloa-bass-30-coil-65-tu-170-nhap-1217065b#primaryimage\"},\"image\":{\"@id\":\"https:\/\/thegioihangre.com\/?product=https-thegioihangre-com-productloa-bass-30-coil-65-tu-170-nhap-1217065b#primaryimage\"},\"thumbnailUrl\":\"https:\/\/thegioihangre.com\/wp-content\/uploads\/2024\/09\/Picsart_24-09-11_19-52-20-995.jpg\",\"datePublished\":\"2024-09-11T12:48:25+00:00\",\"dateModified\":\"2024-09-15T13:11:31+00:00\",\"description\":\"Loa bass 30 coil 65 t\u1eeb 170 nh\u1eadp-1217065B-S\u01b0\u1eddn nh\u00f4m tr\u1edf kh\u00e1ng 8ohm-t\u1eeb 170 h\u00e0ng nh\u1eadp-l\u1eafp loa k\u00e9o 30 \u0111\u00f4i-loa 30 \u0111\u01a1n-l\u1eafp loa gia \u0111\u00ecnh-l\u1eafp loa k\u00e9o di \u0111\u1ed9ng-gi\u00e1 r\u1ebb\",\"breadcrumb\":{\"@id\":\"https:\/\/thegioihangre.com\/?product=https-thegioihangre-com-productloa-bass-30-coil-65-tu-170-nhap-1217065b#breadcrumb\"},\"inLanguage\":\"vi\",\"potentialAction\":[{\"@type\":\"ReadAction\",\"target\":[\"https:\/\/thegioihangre.com\/?product=https-thegioihangre-com-productloa-bass-30-coil-65-tu-170-nhap-1217065b\"]}]},{\"@type\":\"ImageObject\",\"inLanguage\":\"vi\",\"@id\":\"https:\/\/thegioihangre.com\/?product=https-thegioihangre-com-productloa-bass-30-coil-65-tu-170-nhap-1217065b#primaryimage\",\"url\":\"https:\/\/thegioihangre.com\/wp-content\/uploads\/2024\/09\/Picsart_24-09-11_19-52-20-995.jpg\",\"contentUrl\":\"https:\/\/thegioihangre.com\/wp-content\/uploads\/2024\/09\/Picsart_24-09-11_19-52-20-995.jpg\",\"width\":2048,\"height\":2048},{\"@type\":\"BreadcrumbList\",\"@id\":\"https:\/\/thegioihangre.com\/?product=https-thegioihangre-com-productloa-bass-30-coil-65-tu-170-nhap-1217065b#breadcrumb\",\"itemListElement\":[{\"@type\":\"ListItem\",\"position\":1,\"name\":\"Home\",\"item\":\"https:\/\/thegioihangre.com\/\"},{\"@type\":\"ListItem\",\"position\":2,\"name\":\"Th\u1ebf Gi\u1edbi H\u00e0ng R\u1ebb\",\"item\":\"https:\/\/thegioihangre.com\/?page_id=74\"},{\"@type\":\"ListItem\",\"position\":3,\"name\":\"Bass 30 Coil 65 T\u1eeb 170 Nh\u1eadp 1217065B 8ohm (Gi\u00e1 1 C\u00e1i)\"}]},{\"@type\":\"WebSite\",\"@id\":\"https:\/\/thegioihangre.com\/#website\",\"url\":\"https:\/\/thegioihangre.com\/\",\"name\":\"thegioihangre.com\",\"description\":\"Cung C\u1ea5p S\u1ec9 L\u1ebb Linh Ki\u1ec7n Loa \u00c2m Thanh S\u00e2n Kh\u1ea5u\",\"publisher\":{\"@id\":\"https:\/\/thegioihangre.com\/#\/schema\/person\/ef5acac0a9f17ad139da857dcd396c91\"},\"potentialAction\":[{\"@type\":\"SearchAction\",\"target\":{\"@type\":\"EntryPoint\",\"urlTemplate\":\"https:\/\/thegioihangre.com\/?s={search_term_string}\"},\"query-input\":{\"@type\":\"PropertyValueSpecification\",\"valueRequired\":true,\"valueName\":\"search_term_string\"}}],\"inLanguage\":\"vi\"},{\"@type\":[\"Person\",\"Organization\"],\"@id\":\"https:\/\/thegioihangre.com\/#\/schema\/person\/ef5acac0a9f17ad139da857dcd396c91\",\"name\":\"admin1\",\"image\":{\"@type\":\"ImageObject\",\"inLanguage\":\"vi\",\"@id\":\"https:\/\/thegioihangre.com\/#\/schema\/person\/image\/\",\"url\":\"https:\/\/thegioihangre.com\/wp-content\/uploads\/2024\/09\/cropped-cropped-cropped-IMG_20240701_142500-1.jpg\",\"contentUrl\":\"https:\/\/thegioihangre.com\/wp-content\/uploads\/2024\/09\/cropped-cropped-cropped-IMG_20240701_142500-1.jpg\",\"width\":1916,\"height\":1917,\"caption\":\"admin1\"},\"logo\":{\"@id\":\"https:\/\/thegioihangre.com\/#\/schema\/person\/image\/\"}}]}<\/script>\n<!-- \/ Yoast SEO plugin. -->","yoast_head_json":{"title":"Bass 30 Coil 65 T\u1eeb 170 Nh\u1eadp 1217065B 8ohm (Gi\u00e1 1 C\u00e1i) - THEGIOIHANGRE.COM","description":"Loa bass 30 coil 65 t\u1eeb 170 nh\u1eadp-1217065B-S\u01b0\u1eddn nh\u00f4m tr\u1edf kh\u00e1ng 8ohm-t\u1eeb 170 h\u00e0ng nh\u1eadp-l\u1eafp loa k\u00e9o 30 \u0111\u00f4i-loa 30 \u0111\u01a1n-l\u1eafp loa gia \u0111\u00ecnh-l\u1eafp loa k\u00e9o di \u0111\u1ed9ng-gi\u00e1 r\u1ebb","robots":{"index":"index","follow":"follow","max-snippet":"max-snippet:-1","max-image-preview":"max-image-preview:large","max-video-preview":"max-video-preview:-1"},"canonical":"https:\/\/thegioihangre.com\/?product=https-thegioihangre-com-productloa-bass-30-coil-65-tu-170-nhap-1217065b","og_locale":"vi_VN","og_type":"article","og_title":"Bass 30 Coil 65 T\u1eeb 170 Nh\u1eadp 1217065B 8ohm (Gi\u00e1 1 C\u00e1i) - THEGIOIHANGRE.COM","og_description":"Loa bass 30 coil 65 t\u1eeb 170 nh\u1eadp-1217065B-S\u01b0\u1eddn nh\u00f4m tr\u1edf kh\u00e1ng 8ohm-t\u1eeb 170 h\u00e0ng nh\u1eadp-l\u1eafp loa k\u00e9o 30 \u0111\u00f4i-loa 30 \u0111\u01a1n-l\u1eafp loa gia \u0111\u00ecnh-l\u1eafp loa k\u00e9o di \u0111\u1ed9ng-gi\u00e1 r\u1ebb","og_url":"https:\/\/thegioihangre.com\/?product=https-thegioihangre-com-productloa-bass-30-coil-65-tu-170-nhap-1217065b","og_site_name":"THEGIOIHANGRE.COM","article_modified_time":"2024-09-15T13:11:31+00:00","og_image":[{"width":2048,"height":2048,"url":"https:\/\/thegioihangre.com\/wp-content\/uploads\/2024\/09\/Picsart_24-09-11_19-52-20-995.jpg","type":"image\/jpeg"}],"twitter_card":"summary_large_image","twitter_misc":{"\u01af\u1edbc t\u00ednh th\u1eddi gian \u0111\u1ecdc":"2 ph\u00fat"},"schema":{"@context":"https:\/\/schema.org","@graph":[{"@type":"WebPage","@id":"https:\/\/thegioihangre.com\/?product=https-thegioihangre-com-productloa-bass-30-coil-65-tu-170-nhap-1217065b","url":"https:\/\/thegioihangre.com\/?product=https-thegioihangre-com-productloa-bass-30-coil-65-tu-170-nhap-1217065b","name":"Bass 30 Coil 65 T\u1eeb 170 Nh\u1eadp 1217065B 8ohm (Gi\u00e1 1 C\u00e1i) - THEGIOIHANGRE.COM","isPartOf":{"@id":"https:\/\/thegioihangre.com\/#website"},"primaryImageOfPage":{"@id":"https:\/\/thegioihangre.com\/?product=https-thegioihangre-com-productloa-bass-30-coil-65-tu-170-nhap-1217065b#primaryimage"},"image":{"@id":"https:\/\/thegioihangre.com\/?product=https-thegioihangre-com-productloa-bass-30-coil-65-tu-170-nhap-1217065b#primaryimage"},"thumbnailUrl":"https:\/\/thegioihangre.com\/wp-content\/uploads\/2024\/09\/Picsart_24-09-11_19-52-20-995.jpg","datePublished":"2024-09-11T12:48:25+00:00","dateModified":"2024-09-15T13:11:31+00:00","description":"Loa bass 30 coil 65 t\u1eeb 170 nh\u1eadp-1217065B-S\u01b0\u1eddn nh\u00f4m tr\u1edf kh\u00e1ng 8ohm-t\u1eeb 170 h\u00e0ng nh\u1eadp-l\u1eafp loa k\u00e9o 30 \u0111\u00f4i-loa 30 \u0111\u01a1n-l\u1eafp loa gia \u0111\u00ecnh-l\u1eafp loa k\u00e9o di \u0111\u1ed9ng-gi\u00e1 r\u1ebb","breadcrumb":{"@id":"https:\/\/thegioihangre.com\/?product=https-thegioihangre-com-productloa-bass-30-coil-65-tu-170-nhap-1217065b#breadcrumb"},"inLanguage":"vi","potentialAction":[{"@type":"ReadAction","target":["https:\/\/thegioihangre.com\/?product=https-thegioihangre-com-productloa-bass-30-coil-65-tu-170-nhap-1217065b"]}]},{"@type":"ImageObject","inLanguage":"vi","@id":"https:\/\/thegioihangre.com\/?product=https-thegioihangre-com-productloa-bass-30-coil-65-tu-170-nhap-1217065b#primaryimage","url":"https:\/\/thegioihangre.com\/wp-content\/uploads\/2024\/09\/Picsart_24-09-11_19-52-20-995.jpg","contentUrl":"https:\/\/thegioihangre.com\/wp-content\/uploads\/2024\/09\/Picsart_24-09-11_19-52-20-995.jpg","width":2048,"height":2048},{"@type":"BreadcrumbList","@id":"https:\/\/thegioihangre.com\/?product=https-thegioihangre-com-productloa-bass-30-coil-65-tu-170-nhap-1217065b#breadcrumb","itemListElement":[{"@type":"ListItem","position":1,"name":"Home","item":"https:\/\/thegioihangre.com\/"},{"@type":"ListItem","position":2,"name":"Th\u1ebf Gi\u1edbi H\u00e0ng R\u1ebb","item":"https:\/\/thegioihangre.com\/?page_id=74"},{"@type":"ListItem","position":3,"name":"Bass 30 Coil 65 T\u1eeb 170 Nh\u1eadp 1217065B 8ohm (Gi\u00e1 1 C\u00e1i)"}]},{"@type":"WebSite","@id":"https:\/\/thegioihangre.com\/#website","url":"https:\/\/thegioihangre.com\/","name":"thegioihangre.com","description":"Cung C\u1ea5p S\u1ec9 L\u1ebb Linh Ki\u1ec7n Loa \u00c2m Thanh S\u00e2n Kh\u1ea5u","publisher":{"@id":"https:\/\/thegioihangre.com\/#\/schema\/person\/ef5acac0a9f17ad139da857dcd396c91"},"potentialAction":[{"@type":"SearchAction","target":{"@type":"EntryPoint","urlTemplate":"https:\/\/thegioihangre.com\/?s={search_term_string}"},"query-input":{"@type":"PropertyValueSpecification","valueRequired":true,"valueName":"search_term_string"}}],"inLanguage":"vi"},{"@type":["Person","Organization"],"@id":"https:\/\/thegioihangre.com\/#\/schema\/person\/ef5acac0a9f17ad139da857dcd396c91","name":"admin1","image":{"@type":"ImageObject","inLanguage":"vi","@id":"https:\/\/thegioihangre.com\/#\/schema\/person\/image\/","url":"https:\/\/thegioihangre.com\/wp-content\/uploads\/2024\/09\/cropped-cropped-cropped-IMG_20240701_142500-1.jpg","contentUrl":"https:\/\/thegioihangre.com\/wp-content\/uploads\/2024\/09\/cropped-cropped-cropped-IMG_20240701_142500-1.jpg","width":1916,"height":1917,"caption":"admin1"},"logo":{"@id":"https:\/\/thegioihangre.com\/#\/schema\/person\/image\/"}}]}},"_links":{"self":[{"href":"https:\/\/thegioihangre.com\/index.php?rest_route=\/wp\/v2\/product\/4088"}],"collection":[{"href":"https:\/\/thegioihangre.com\/index.php?rest_route=\/wp\/v2\/product"}],"about":[{"href":"https:\/\/thegioihangre.com\/index.php?rest_route=\/wp\/v2\/types\/product"}],"replies":[{"embeddable":true,"href":"https:\/\/thegioihangre.com\/index.php?rest_route=%2Fwp%2Fv2%2Fcomments&post=4088"}],"wp:featuredmedia":[{"embeddable":true,"href":"https:\/\/thegioihangre.com\/index.php?rest_route=\/wp\/v2\/media\/4093"}],"wp:attachment":[{"href":"https:\/\/thegioihangre.com\/index.php?rest_route=%2Fwp%2Fv2%2Fmedia&parent=4088"}],"wp:term":[{"taxonomy":"product_cat","embeddable":true,"href":"https:\/\/thegioihangre.com\/index.php?rest_route=%2Fwp%2Fv2%2Fproduct_cat&post=4088"},{"taxonomy":"product_tag","embeddable":true,"href":"https:\/\/thegioihangre.com\/index.php?rest_route=%2Fwp%2Fv2%2Fproduct_tag&post=4088"}],"curies":[{"name":"wp","href":"https:\/\/api.w.org\/{rel}","templated":true}]}}