{"id":3953,"date":"2024-06-26T08:53:15","date_gmt":"2024-06-26T01:53:15","guid":{"rendered":"https:\/\/thegioihangre.com\/?post_type=product&#038;p=3953"},"modified":"2024-06-26T09:01:41","modified_gmt":"2024-06-26T02:01:41","slug":"loa-bass-30-coil-65-tu-170-nhom-gia-1-cai","status":"publish","type":"product","link":"https:\/\/thegioihangre.com\/?product=loa-bass-30-coil-65-tu-170-nhom-gia-1-cai","title":{"rendered":"Loa Bass 30 Coil 65 T\u1eeb 170 Nh\u00f4m (Gi\u00e1 1 C\u00e1i)"},"content":{"rendered":"","protected":false},"excerpt":{"rendered":"","protected":false},"featured_media":3958,"comment_status":"open","ping_status":"closed","template":"","meta":[],"product_cat":[159,398,216],"product_tag":[],"class_list":{"0":"post-3953","1":"product","2":"type-product","3":"status-publish","4":"has-post-thumbnail","6":"product_cat-chua-phan-loai","7":"product_cat-loa-bass-30-12-inch","8":"product_cat-loa-roi","10":"first","11":"instock","12":"shipping-taxable","13":"purchasable","14":"product-type-simple"},"yoast_head":"<!-- This site is optimized with the Yoast SEO plugin v23.5 - https:\/\/yoast.com\/wordpress\/plugins\/seo\/ -->\n<title>Loa Bass 30 Coil 65 T\u1eeb 170 Nh\u00f4m (Gi\u00e1 1 C\u00e1i) - THEGIOIHANGRE.COM<\/title>\n<meta name=\"robots\" content=\"index, follow, max-snippet:-1, max-image-preview:large, max-video-preview:-1\" \/>\n<link rel=\"canonical\" href=\"https:\/\/thegioihangre.com\/?product=loa-bass-30-coil-65-tu-170-nhom-gia-1-cai\" \/>\n<meta property=\"og:locale\" content=\"vi_VN\" \/>\n<meta property=\"og:type\" content=\"article\" \/>\n<meta property=\"og:title\" content=\"Loa Bass 30 Coil 65 T\u1eeb 170 Nh\u00f4m (Gi\u00e1 1 C\u00e1i) - THEGIOIHANGRE.COM\" \/>\n<meta property=\"og:url\" content=\"https:\/\/thegioihangre.com\/?product=loa-bass-30-coil-65-tu-170-nhom-gia-1-cai\" \/>\n<meta property=\"og:site_name\" content=\"THEGIOIHANGRE.COM\" \/>\n<meta property=\"article:modified_time\" content=\"2024-06-26T02:01:41+00:00\" \/>\n<meta property=\"og:image\" content=\"https:\/\/thegioihangre.com\/wp-content\/uploads\/2024\/06\/Picsart_24-06-26_08-55-21-397.jpg\" \/>\n\t<meta property=\"og:image:width\" content=\"2048\" \/>\n\t<meta property=\"og:image:height\" content=\"2048\" \/>\n\t<meta property=\"og:image:type\" content=\"image\/jpeg\" \/>\n<meta name=\"twitter:card\" content=\"summary_large_image\" \/>\n<script type=\"application\/ld+json\" class=\"yoast-schema-graph\">{\"@context\":\"https:\/\/schema.org\",\"@graph\":[{\"@type\":\"WebPage\",\"@id\":\"https:\/\/thegioihangre.com\/?product=loa-bass-30-coil-65-tu-170-nhom-gia-1-cai\",\"url\":\"https:\/\/thegioihangre.com\/?product=loa-bass-30-coil-65-tu-170-nhom-gia-1-cai\",\"name\":\"Loa Bass 30 Coil 65 T\u1eeb 170 Nh\u00f4m (Gi\u00e1 1 C\u00e1i) - THEGIOIHANGRE.COM\",\"isPartOf\":{\"@id\":\"https:\/\/thegioihangre.com\/#website\"},\"primaryImageOfPage\":{\"@id\":\"https:\/\/thegioihangre.com\/?product=loa-bass-30-coil-65-tu-170-nhom-gia-1-cai#primaryimage\"},\"image\":{\"@id\":\"https:\/\/thegioihangre.com\/?product=loa-bass-30-coil-65-tu-170-nhom-gia-1-cai#primaryimage\"},\"thumbnailUrl\":\"https:\/\/thegioihangre.com\/wp-content\/uploads\/2024\/06\/Picsart_24-06-26_08-55-21-397.jpg\",\"datePublished\":\"2024-06-26T01:53:15+00:00\",\"dateModified\":\"2024-06-26T02:01:41+00:00\",\"breadcrumb\":{\"@id\":\"https:\/\/thegioihangre.com\/?product=loa-bass-30-coil-65-tu-170-nhom-gia-1-cai#breadcrumb\"},\"inLanguage\":\"vi\",\"potentialAction\":[{\"@type\":\"ReadAction\",\"target\":[\"https:\/\/thegioihangre.com\/?product=loa-bass-30-coil-65-tu-170-nhom-gia-1-cai\"]}]},{\"@type\":\"ImageObject\",\"inLanguage\":\"vi\",\"@id\":\"https:\/\/thegioihangre.com\/?product=loa-bass-30-coil-65-tu-170-nhom-gia-1-cai#primaryimage\",\"url\":\"https:\/\/thegioihangre.com\/wp-content\/uploads\/2024\/06\/Picsart_24-06-26_08-55-21-397.jpg\",\"contentUrl\":\"https:\/\/thegioihangre.com\/wp-content\/uploads\/2024\/06\/Picsart_24-06-26_08-55-21-397.jpg\",\"width\":2048,\"height\":2048},{\"@type\":\"BreadcrumbList\",\"@id\":\"https:\/\/thegioihangre.com\/?product=loa-bass-30-coil-65-tu-170-nhom-gia-1-cai#breadcrumb\",\"itemListElement\":[{\"@type\":\"ListItem\",\"position\":1,\"name\":\"Home\",\"item\":\"https:\/\/thegioihangre.com\/\"},{\"@type\":\"ListItem\",\"position\":2,\"name\":\"Th\u1ebf Gi\u1edbi H\u00e0ng R\u1ebb\",\"item\":\"https:\/\/thegioihangre.com\/?page_id=74\"},{\"@type\":\"ListItem\",\"position\":3,\"name\":\"Loa Bass 30 Coil 65 T\u1eeb 170 Nh\u00f4m (Gi\u00e1 1 C\u00e1i)\"}]},{\"@type\":\"WebSite\",\"@id\":\"https:\/\/thegioihangre.com\/#website\",\"url\":\"https:\/\/thegioihangre.com\/\",\"name\":\"thegioihangre.com\",\"description\":\"Cung C\u1ea5p S\u1ec9 L\u1ebb Linh Ki\u1ec7n Loa \u00c2m Thanh S\u00e2n Kh\u1ea5u\",\"publisher\":{\"@id\":\"https:\/\/thegioihangre.com\/#\/schema\/person\/ef5acac0a9f17ad139da857dcd396c91\"},\"potentialAction\":[{\"@type\":\"SearchAction\",\"target\":{\"@type\":\"EntryPoint\",\"urlTemplate\":\"https:\/\/thegioihangre.com\/?s={search_term_string}\"},\"query-input\":{\"@type\":\"PropertyValueSpecification\",\"valueRequired\":true,\"valueName\":\"search_term_string\"}}],\"inLanguage\":\"vi\"},{\"@type\":[\"Person\",\"Organization\"],\"@id\":\"https:\/\/thegioihangre.com\/#\/schema\/person\/ef5acac0a9f17ad139da857dcd396c91\",\"name\":\"admin1\",\"image\":{\"@type\":\"ImageObject\",\"inLanguage\":\"vi\",\"@id\":\"https:\/\/thegioihangre.com\/#\/schema\/person\/image\/\",\"url\":\"https:\/\/thegioihangre.com\/wp-content\/uploads\/2024\/09\/cropped-cropped-cropped-IMG_20240701_142500-1.jpg\",\"contentUrl\":\"https:\/\/thegioihangre.com\/wp-content\/uploads\/2024\/09\/cropped-cropped-cropped-IMG_20240701_142500-1.jpg\",\"width\":1916,\"height\":1917,\"caption\":\"admin1\"},\"logo\":{\"@id\":\"https:\/\/thegioihangre.com\/#\/schema\/person\/image\/\"}}]}<\/script>\n<!-- \/ Yoast SEO plugin. -->","yoast_head_json":{"title":"Loa Bass 30 Coil 65 T\u1eeb 170 Nh\u00f4m (Gi\u00e1 1 C\u00e1i) - THEGIOIHANGRE.COM","robots":{"index":"index","follow":"follow","max-snippet":"max-snippet:-1","max-image-preview":"max-image-preview:large","max-video-preview":"max-video-preview:-1"},"canonical":"https:\/\/thegioihangre.com\/?product=loa-bass-30-coil-65-tu-170-nhom-gia-1-cai","og_locale":"vi_VN","og_type":"article","og_title":"Loa Bass 30 Coil 65 T\u1eeb 170 Nh\u00f4m (Gi\u00e1 1 C\u00e1i) - THEGIOIHANGRE.COM","og_url":"https:\/\/thegioihangre.com\/?product=loa-bass-30-coil-65-tu-170-nhom-gia-1-cai","og_site_name":"THEGIOIHANGRE.COM","article_modified_time":"2024-06-26T02:01:41+00:00","og_image":[{"width":2048,"height":2048,"url":"https:\/\/thegioihangre.com\/wp-content\/uploads\/2024\/06\/Picsart_24-06-26_08-55-21-397.jpg","type":"image\/jpeg"}],"twitter_card":"summary_large_image","schema":{"@context":"https:\/\/schema.org","@graph":[{"@type":"WebPage","@id":"https:\/\/thegioihangre.com\/?product=loa-bass-30-coil-65-tu-170-nhom-gia-1-cai","url":"https:\/\/thegioihangre.com\/?product=loa-bass-30-coil-65-tu-170-nhom-gia-1-cai","name":"Loa Bass 30 Coil 65 T\u1eeb 170 Nh\u00f4m (Gi\u00e1 1 C\u00e1i) - THEGIOIHANGRE.COM","isPartOf":{"@id":"https:\/\/thegioihangre.com\/#website"},"primaryImageOfPage":{"@id":"https:\/\/thegioihangre.com\/?product=loa-bass-30-coil-65-tu-170-nhom-gia-1-cai#primaryimage"},"image":{"@id":"https:\/\/thegioihangre.com\/?product=loa-bass-30-coil-65-tu-170-nhom-gia-1-cai#primaryimage"},"thumbnailUrl":"https:\/\/thegioihangre.com\/wp-content\/uploads\/2024\/06\/Picsart_24-06-26_08-55-21-397.jpg","datePublished":"2024-06-26T01:53:15+00:00","dateModified":"2024-06-26T02:01:41+00:00","breadcrumb":{"@id":"https:\/\/thegioihangre.com\/?product=loa-bass-30-coil-65-tu-170-nhom-gia-1-cai#breadcrumb"},"inLanguage":"vi","potentialAction":[{"@type":"ReadAction","target":["https:\/\/thegioihangre.com\/?product=loa-bass-30-coil-65-tu-170-nhom-gia-1-cai"]}]},{"@type":"ImageObject","inLanguage":"vi","@id":"https:\/\/thegioihangre.com\/?product=loa-bass-30-coil-65-tu-170-nhom-gia-1-cai#primaryimage","url":"https:\/\/thegioihangre.com\/wp-content\/uploads\/2024\/06\/Picsart_24-06-26_08-55-21-397.jpg","contentUrl":"https:\/\/thegioihangre.com\/wp-content\/uploads\/2024\/06\/Picsart_24-06-26_08-55-21-397.jpg","width":2048,"height":2048},{"@type":"BreadcrumbList","@id":"https:\/\/thegioihangre.com\/?product=loa-bass-30-coil-65-tu-170-nhom-gia-1-cai#breadcrumb","itemListElement":[{"@type":"ListItem","position":1,"name":"Home","item":"https:\/\/thegioihangre.com\/"},{"@type":"ListItem","position":2,"name":"Th\u1ebf Gi\u1edbi H\u00e0ng R\u1ebb","item":"https:\/\/thegioihangre.com\/?page_id=74"},{"@type":"ListItem","position":3,"name":"Loa Bass 30 Coil 65 T\u1eeb 170 Nh\u00f4m (Gi\u00e1 1 C\u00e1i)"}]},{"@type":"WebSite","@id":"https:\/\/thegioihangre.com\/#website","url":"https:\/\/thegioihangre.com\/","name":"thegioihangre.com","description":"Cung C\u1ea5p S\u1ec9 L\u1ebb Linh Ki\u1ec7n Loa \u00c2m Thanh S\u00e2n Kh\u1ea5u","publisher":{"@id":"https:\/\/thegioihangre.com\/#\/schema\/person\/ef5acac0a9f17ad139da857dcd396c91"},"potentialAction":[{"@type":"SearchAction","target":{"@type":"EntryPoint","urlTemplate":"https:\/\/thegioihangre.com\/?s={search_term_string}"},"query-input":{"@type":"PropertyValueSpecification","valueRequired":true,"valueName":"search_term_string"}}],"inLanguage":"vi"},{"@type":["Person","Organization"],"@id":"https:\/\/thegioihangre.com\/#\/schema\/person\/ef5acac0a9f17ad139da857dcd396c91","name":"admin1","image":{"@type":"ImageObject","inLanguage":"vi","@id":"https:\/\/thegioihangre.com\/#\/schema\/person\/image\/","url":"https:\/\/thegioihangre.com\/wp-content\/uploads\/2024\/09\/cropped-cropped-cropped-IMG_20240701_142500-1.jpg","contentUrl":"https:\/\/thegioihangre.com\/wp-content\/uploads\/2024\/09\/cropped-cropped-cropped-IMG_20240701_142500-1.jpg","width":1916,"height":1917,"caption":"admin1"},"logo":{"@id":"https:\/\/thegioihangre.com\/#\/schema\/person\/image\/"}}]}},"_links":{"self":[{"href":"https:\/\/thegioihangre.com\/index.php?rest_route=\/wp\/v2\/product\/3953"}],"collection":[{"href":"https:\/\/thegioihangre.com\/index.php?rest_route=\/wp\/v2\/product"}],"about":[{"href":"https:\/\/thegioihangre.com\/index.php?rest_route=\/wp\/v2\/types\/product"}],"replies":[{"embeddable":true,"href":"https:\/\/thegioihangre.com\/index.php?rest_route=%2Fwp%2Fv2%2Fcomments&post=3953"}],"wp:featuredmedia":[{"embeddable":true,"href":"https:\/\/thegioihangre.com\/index.php?rest_route=\/wp\/v2\/media\/3958"}],"wp:attachment":[{"href":"https:\/\/thegioihangre.com\/index.php?rest_route=%2Fwp%2Fv2%2Fmedia&parent=3953"}],"wp:term":[{"taxonomy":"product_cat","embeddable":true,"href":"https:\/\/thegioihangre.com\/index.php?rest_route=%2Fwp%2Fv2%2Fproduct_cat&post=3953"},{"taxonomy":"product_tag","embeddable":true,"href":"https:\/\/thegioihangre.com\/index.php?rest_route=%2Fwp%2Fv2%2Fproduct_tag&post=3953"}],"curies":[{"name":"wp","href":"https:\/\/api.w.org\/{rel}","templated":true}]}}